{"id":891,"date":"2024-02-20T16:49:05","date_gmt":"2024-02-20T16:49:05","guid":{"rendered":"https:\/\/stewo-sternberg.de\/?page_id=891"},"modified":"2025-01-21T15:07:59","modified_gmt":"2025-01-21T15:07:59","slug":"impressum","status":"publish","type":"page","link":"https:\/\/stewo-sternberg.de\/index.php\/impressum\/","title":{"rendered":"Impressum"},"content":{"rendered":"\t\t<div data-elementor-type=\"wp-page\" data-elementor-id=\"891\" class=\"elementor elementor-891\">\n\t\t\t\t<div class=\"elementor-element elementor-element-5909d13 e-flex e-con-boxed e-con e-parent\" data-id=\"5909d13\" data-element_type=\"container\">\n\t\t\t\t\t<div class=\"e-con-inner\">\n\t\t\t\t<div class=\"elementor-element elementor-element-b92b25d elementor-widget elementor-widget-text-editor\" data-id=\"b92b25d\" data-element_type=\"widget\" data-widget_type=\"text-editor.default\">\n\t\t\t\t<div class=\"elementor-widget-container\">\n\t\t\t\t\t\t\t\t\t<div id=\"menu-wrapper\" class=\"\"><nav class=\"navbar no-transition container\"><div class=\"navbar-header\">\u00a0<\/div><\/nav><\/div><div id=\"content-wrapper\"><div class=\"wrapper page\"><div id=\"page-header\" class=\"container-fluid\"><div id=\"sf_area_5195\" class=\"_sf_area sf_area_1\"><div class=\"sf_col\"><h1 id=\"sf_element_38177\" class=\"_sf_html sf_cell \"><b>Impressum<\/b><\/h1><\/div><\/div><\/div><\/div><div class=\"wrapper page\"><div class=\"container\"><div class=\"row\"><div class=\"col-lg-12\"><div id=\"sf_area_23287\" class=\"_sf_area sf_area_2\"><div class=\"sf_col\"><div id=\"sf_element_92476\" class=\"_sf_html sf_cell \"><div>inhaltlich verantwortlich:<\/div><div>\u00a0<\/div><div><p>STEWO Sternberger Wohnungsbaugesellschaft mbH<br \/>Finkenkamp 5<br \/>19406 Sternberg<\/p><p>Tel: +49 (0) 38 47 43 07-0<br \/>Fax: +49 (0) 38 47 43 07-99<\/p><p>E-mail: info@stewo-sternberg.de<br \/>Internet: http:\/\/stewo-sternberg.de\/<\/p><\/div><div>\u00a0<\/div><div>Gesch\u00e4ftsf\u00fchrer: Herr Sven Diederichs<\/div><div>Prokura: Herr Mathias Schwarz<\/div><div>Aufsichtsratsvorsitzender: Herr Burkhard Liese<\/div><div>\u00a0<\/div><div>Eintrag im Handelsregister: HRB 1261<\/div><div>\u00a0<\/div><div>Design &amp; technische Realisierung: Orbit Crossmedia e.K.<\/div><\/div><\/div><\/div><\/div><\/div><\/div><\/div><div class=\"wrapper page\"><div class=\"container\"><div class=\"row\"><div class=\"col-lg-12\"><div id=\"sf_area_5196\" class=\"_sf_area sf_area_3\"><div class=\"sf_col\"><h4 id=\"sf_element_92477\" class=\"_sf_html sf_cell \">Informationspflicht nach \u00a7\u00a7 36 und 37 Verbraucherstreitbeilegungsgesetz:<\/h4><div id=\"sf_element_92478\" class=\"_sf_html sf_cell \">Wir sind zur Teilnahme an einem Streitbeilegungsverfahren vor einer Verbraucherschlichtungsstelle weder bereit noch verpflichtet. Dies gilt auch nach Entstehung der Streitigkeit.<\/div><h4 id=\"sf_element_92479\" class=\"_sf_html sf_cell \">Disclaimer<\/h4><div id=\"sf_element_92480\" class=\"_sf_html sf_cell \"><p>Haftung f\u00fcr die Inhalte:<\/p><p>Die Inhalte unserer Seiten wurden mit gr\u00f6\u00dfter Sorgfalt erstellt. F\u00fcr die Richtigkeit, Vollst\u00e4ndigkeit und Aktualit\u00e4t der Inhalte k\u00f6nnen wir jedoch keine Gew\u00e4hr \u00fcbernehmen. Als Diensteanbieter sind wir gem\u00e4\u00df \u00a7 6 Abs.1 MDStV und \u00a7 8 Abs.1 TDG f\u00fcr eigene Inhalte auf diesen Seiten nach den allgemeinen Gesetzen verantwortlich. Diensetanbieter sind jedoch nicht verpflichtet, die von ihnen \u00fcbermittelten oder gespeicherten fremden Informationen zu \u00fcberwachen oder nach Umst\u00e4nden zu forschen, die auf eine rechtswidrige T\u00e4tigkeit hinweisen. Verpflichtungen zur Entfernung oder Sperrung der Nutzung von Informationen nach den allgemeinen Gesetzen bleiben hiervon unber\u00fchrt. Eine diesbez\u00fcgliche Haftung ist jedoch erst ab dem Zeitpunkt der Kenntnis einer konkreten Rechtsverletzung m\u00f6glich. Bei bekannt werden von entsprechenden Rechtsverletzungen werden wir diese Inhalte umgehend entfernen.<br \/>Haftung f\u00fcr Links:<\/p><p>Unser Angebot enth\u00e4lt Links zu externen Webseiten Dritter, auf deren Inhalte wir keinen Einfluss haben. Deshalb k\u00f6nnen wir f\u00fcr diese fremden Inhalte auch keine Gew\u00e4hr \u00fcbernehmen. F\u00fcr die Inhalte der verlinkten Seiten ist stets der jeweilige Anbieter oder Betreiber der Seiten verantwortlich. Die verlinkten Seiten wurden zum Zeitpunkt der Verlinkung auf m\u00f6gliche Rechtsverst\u00f6\u00dfe \u00fcberpr\u00fcft. Rechtswidrige Inhalte waren zum Zeitpunkt der Verlinkung nicht erkennbar. Eine permanente inhaltliche Kontrolle der verlinkten Seiten ist jedoch ohne konkrete Anhaltspunkte einer Rechtsverletzung nicht zumutbar. Bei bekannt werden von Rechtsverletzungen werden wir derartige Links umgehend entfernen.<br \/>Urheberrecht:<\/p><p>Die Betreiber der Seiten sind bem\u00fcht, stets die Urheberrechte anderer zu beachten bzw. auf selbst erstellte sowie lizenzfreie Werke zur\u00fcckzugreifen. Die durch die Seitenbetreiber erstellten Inhalte und Werke auf diesen Seiten unterliegen dem deutschen Urheberrecht. Beitr\u00e4ge Dritter sind als solche gekennzeichnet. Die Vervielf\u00e4ltigung, Bearbeitung, Verbreitung und jede Art der Verwertung au\u00dferhalb der Grenzen des Urheberrechtes bed\u00fcrfen der schriftlichen Zustimmung des jeweiligen Autors bzw. Erstellers. Downloads und Kopien dieser Seite sind nur f\u00fcr den privaten, nicht kommerziellen Gebrauch gestattet.<br \/>Datenschutz:<\/p><p>Soweit auf unseren Seiten personenbezogene Daten (beispielsweise Name, Anschrift oder eMail-Adressen) erhoben werden, erfolgt dies soweit m\u00f6glich stets auf freiwilliger Basis. Die Nutzung der Angebote und Dienste ist, soweit m\u00f6glich, stets ohne Angabe personenbezogener Daten m\u00f6glich. Der Nutzung von im Rahmen der Impressumspflicht ver\u00f6ffentlichten Kontaktdaten durch Dritte zur \u00dcbersendung von nicht ausdr\u00fccklich angeforderter Werbung und Informationsmaterialien wird hiermit ausdr\u00fccklich widersprochen. Die Betreiber der Seiten behalten sich ausdr\u00fccklich rechtliche Schritte im Falle der unverlangten Zusendung von Werbeinformationen, etwa durch Spam-Mails, vor.<\/p><\/div><div id=\"sf_element_92481\" class=\"_sf_hr sf_cell \">\u00a0<\/div><\/div><\/div><\/div><\/div><\/div><\/div><div class=\"wrapper page\"><div class=\"container\"><div class=\"row\"><div class=\"col-lg-12\"><div id=\"sf_area_23288\" class=\"_sf_area sf_area_4\"><div class=\"sf_col\"><h4 id=\"sf_element_92482\" class=\"_sf_html sf_cell \">Copyright<\/h4><\/div><\/div><\/div><\/div><\/div><\/div><div class=\"wrapper page\"><div class=\"container\"><div class=\"row\"><div class=\"col-lg-12\"><div id=\"sf_area_23294\" class=\"_sf_area sf_area_10\"><div class=\"sf_col\"><div id=\"sf_element_38179\" class=\"_sf_html sf_cell \"><div id=\"sf_area_28\"><div><p>Der Inhalt dieser Webseiten ist urheberrechtlich gesch\u00fctzt.<\/p><div id=\"sf_element_869\"><p>Das Kopieren, Anpassen, Vervielf\u00e4ltigen oder Verbreiten dieser Inhalte oder eines Teiles dieser Inhalte, dazu z\u00e4hlen insbesondere Texte, Fotos, Grafiken, HTML und Layout, ist nur mit ausdr\u00fccklicher Genehmigung durch die STEWO Sternberger Wohnungsbaugesellschaft mbH gestattet.<\/p><p>Haftungshinweis:<\/p><p>Trotz sorgf\u00e4ltiger inhaltlicher Kontrolle \u00fcbernehmen wir keine Haftung f\u00fcr die Inhalte externer Links. F\u00fcr den Inhalt der verlinkten Seiten sind ausschlie\u00dflich deren Betreiber verantwortlich.<\/p><p>Haftungsausschluss<\/p><p><strong>1. Inhalt des Onlineangebotes<\/strong><\/p><p>Der Autor \u00fcbernimmt keinerlei Gew\u00e4hr f\u00fcr die Aktualit\u00e4t, Korrektheit, Vollst\u00e4ndigkeit oder Qualit\u00e4t der bereitgestellten Informationen. Haftungsanspr\u00fcche gegen den Autor, welche sich auf Sch\u00e4den materieller oder ideeller Art beziehen, die durch die Nutzung oder Nichtnutzung der dargebotenen Informationen bzw. durch die Nutzung fehlerhafter und unvollst\u00e4ndiger Informationen verursacht wurden, sind grunds\u00e4tzlich ausgeschlossen, sofern seitens des Autors kein nachweislich vors\u00e4tzliches oder grob fahrl\u00e4ssiges Verschulden vorliegt.<\/p><p>Alle Angebote sind freibleibend und unverbindlich. Der Autor beh\u00e4lt es sich ausdr\u00fccklich vor, Teile der Seiten oder das gesamte Angebot ohne gesonderte Ank\u00fcndigung zu ver\u00e4ndern, zu erg\u00e4nzen, zu l\u00f6schen oder die Ver\u00f6ffentlichung zeitweise oder endg\u00fcltig einzustellen.<\/p><p><strong>2. Verweise und Links<\/strong><\/p><p>Bei direkten oder indirekten Verweisen auf fremde Webseiten (&#8222;Hyperlinks&#8220;), die au\u00dferhalb des Verantwortungsbereiches des Autors liegen, w\u00fcrde eine Haftungsverpflichtung ausschlie\u00dflich in dem Fall in Kraft treten, in dem der Autor von den Inhalten Kenntnis hat und es ihm technisch m\u00f6glich und zumutbar w\u00e4re, die Nutzung im Falle rechtswidriger Inhalte zu verhindern.<\/p><p>Der Autor erkl\u00e4rt hiermit ausdr\u00fccklich, dass zum Zeitpunkt der Linksetzung keine illegalen Inhalte auf den zu verlinkenden Seiten erkennbar waren. Auf die aktuelle und zuk\u00fcnftige Gestaltung, die Inhalte oder die Urheberschaft der verlinkten\/verkn\u00fcpften Seiten hat der Autor keinerlei Einfluss. Deshalb distanziert er sich hiermit ausdr\u00fccklich von allen Inhalten aller verlinkten \/verkn\u00fcpften Seiten, die nach der Linksetzung ver\u00e4ndert wurden. Diese Feststellung gilt f\u00fcr alle innerhalb des eigenen Internetangebotes gesetzten Links und Verweise sowie f\u00fcr Fremdeintr\u00e4ge in vom Autor eingerichteten G\u00e4steb\u00fcchern, Diskussionsforen, Linkverzeichnissen, Mailinglisten und in allen anderen Formen von Datenbanken, auf deren Inhalt externe Schreibzugriffe m\u00f6glich sind. F\u00fcr illegale, fehlerhafte oder unvollst\u00e4ndige Inhalte und insbesondere f\u00fcr Sch\u00e4den, die aus der Nutzung oder Nichtnutzung solcherart dargebotener Informationen entstehen, haftet allein der Anbieter der Seite, auf welche verwiesen wurde, nicht derjenige, der \u00fcber Links auf die jeweilige Ver\u00f6ffentlichung lediglich verweist.<\/p><p><strong>3. Urheber- und Kennzeichenrecht<\/strong><\/p><p>Der Autor ist bestrebt, in allen Publikationen die Urheberrechte der verwendeten Bilder, Grafiken, Tondokumente, Videosequenzen und Texte zu beachten, von ihm selbst erstellte Bilder, Grafiken, Tondokumente, Videosequenzen und Texte zu nutzen oder auf lizenzfreie Grafiken, Tondokumente, Videosequenzen und Texte zur\u00fcckzugreifen.<\/p><p>Alle innerhalb des Internetangebotes genannten und ggf. durch Dritte gesch\u00fctzten Marken- und Warenzeichen unterliegen uneingeschr\u00e4nkt den Bestimmungen des jeweils g\u00fcltigen Kennzeichenrechts und den Besitzrechten der jeweiligen eingetragenen Eigent\u00fcmer. Allein aufgrund der blo\u00dfen Nennung ist nicht der Schluss zu ziehen, dass Markenzeichen nicht durch Rechte Dritter gesch\u00fctzt sind!<\/p><p>Das Copyright f\u00fcr ver\u00f6ffentlichte, vom Autor selbst erstellte Objekte bleibt allein beim Autor der Seiten. Eine Vervielf\u00e4ltigung oder Verwendung solcher Grafiken, Tondokumente, Videosequenzen und Texte in anderen elektronischen oder gedruckten Publikationen ist ohne ausdr\u00fcckliche Zustimmung des Autors nicht gestattet.<\/p><p><strong>4. Datenschutz<\/strong><\/p><p>Sofern innerhalb des Internetangebotes die M\u00f6glichkeit zur Eingabe pers\u00f6nlicher oder gesch\u00e4ftlicher Daten (Emailadressen, Namen, Anschriften) besteht, so erfolgt die Preisgabe dieser Daten seitens des Nutzers auf ausdr\u00fccklich freiwilliger Basis. Die Inanspruchnahme und Bezahlung aller angebotenen Dienste ist &#8211; soweit technisch m\u00f6glich und zumutbar &#8211; auch ohne Angabe solcher Daten bzw. unter Angabe anonymisierter Daten oder eines Pseudonyms gestattet. Die Nutzung der im Rahmen des Impressums oder vergleichbarer Angaben ver\u00f6ffentlichten Kontaktdaten wie Postanschriften, Telefon- und Faxnummern sowie Emailadressen durch Dritte zur \u00dcbersendung von nicht ausdr\u00fccklich angeforderten Informationen ist nicht gestattet. Rechtliche Schritte gegen die Versender von so genannten Spam-Mails bei Verst\u00f6\u00dfen gegen dieses Verbot sind ausdr\u00fccklich vorbehalten.<\/p><p><strong>5. Rechtswirksamkeit dieses Haftungsausschlusses<\/strong><\/p><p>Dieser Haftungsausschluss ist als Teil des Internetangebotes zu betrachten, von dem aus auf diese Seite verwiesen wurde. Sofern Teile oder einzelne Formulierungen dieses Textes der geltenden Rechtslage nicht, nicht mehr oder nicht vollst\u00e4ndig entsprechen sollten, bleiben die \u00fcbrigen Teile des Dokumentes in ihrem Inhalt und ihrer G\u00fcltigkeit davon unber\u00fchrt.<\/p><\/div><\/div><\/div><\/div><\/div><\/div><\/div><\/div><\/div><\/div><\/div><footer><div class=\"container\"><div class=\"row\"><div class=\"sf_col col-sm-6\">STEWO<br \/>Sternberger Wohnungsbaugesellschaft mbH<br \/>Finkenkamp 5<br \/>19406 Sternberg<\/div><div class=\"sf_col col-sm-6\">Tel: 03847 4307-0<br \/>E-Mail: info@stewo-sternberg.de<br \/>Fax: 03847 4307-99<br \/>Internet: www.stewo-sternberg.de<\/div><\/div><hr \/><div id=\"footer_menu_wrapper\"><ul id=\"footer_menu\"><li><a href=\"https:\/\/www.stewo-sternberg.de\/Informationen\/Startseite\">Startseite<\/a><\/li><li><a href=\"https:\/\/www.stewo-sternberg.de\/Informationen\/Informationen\/Datenschutz\">Datenschutz<\/a><\/li><li><a href=\"https:\/\/www.stewo-sternberg.de\/Informationen\/Informationen\/Impressum\">Impressum<\/a><\/li><\/ul><\/div><\/div><\/footer>\t\t\t\t\t\t\t\t<\/div>\n\t\t\t\t<\/div>\n\t\t\t\t\t<\/div>\n\t\t\t\t<\/div>\n\t\t\t\t<\/div>\n\t\t","protected":false},"excerpt":{"rendered":"<p class=\"tx-excerpt\">\u00a0 Impressum inhaltlich verantwortlich:\u00a0 STEWO Sternberger Wohnungsbaugesellschaft mbHFinkenkamp 519406 Sternberg Tel: +49 (0) 38 47 43 07-0Fax: +49 (0) 38 47 43 07-99 E-mail: info@stewo-sternberg.deInternet: http:\/\/stewo-sternberg.de\/ \u00a0Gesch\u00e4ftsf\u00fchrer: Herr Sven DiederichsProkura: Herr Mathias SchwarzAufsichtsratsvorsitzender:","protected":false},"author":1,"featured_media":0,"parent":0,"menu_order":0,"comment_status":"closed","ping_status":"closed","template":"","meta":{"footnotes":""},"class_list":["post-891","page","type-page","status-publish","hentry"],"_links":{"self":[{"href":"https:\/\/stewo-sternberg.de\/index.php\/wp-json\/wp\/v2\/pages\/891","targetHints":{"allow":["GET"]}}],"collection":[{"href":"https:\/\/stewo-sternberg.de\/index.php\/wp-json\/wp\/v2\/pages"}],"about":[{"href":"https:\/\/stewo-sternberg.de\/index.php\/wp-json\/wp\/v2\/types\/page"}],"author":[{"embeddable":true,"href":"https:\/\/stewo-sternberg.de\/index.php\/wp-json\/wp\/v2\/users\/1"}],"replies":[{"embeddable":true,"href":"https:\/\/stewo-sternberg.de\/index.php\/wp-json\/wp\/v2\/comments?post=891"}],"version-history":[{"count":7,"href":"https:\/\/stewo-sternberg.de\/index.php\/wp-json\/wp\/v2\/pages\/891\/revisions"}],"predecessor-version":[{"id":2064,"href":"https:\/\/stewo-sternberg.de\/index.php\/wp-json\/wp\/v2\/pages\/891\/revisions\/2064"}],"wp:attachment":[{"href":"https:\/\/stewo-sternberg.de\/index.php\/wp-json\/wp\/v2\/media?parent=891"}],"curies":[{"name":"wp","href":"https:\/\/api.w.org\/{rel}","templated":true}]}}