{"id":933,"date":"2024-02-20T18:26:38","date_gmt":"2024-02-20T18:26:38","guid":{"rendered":"https:\/\/stewo-sternberg.de\/?page_id=933"},"modified":"2024-04-30T14:05:39","modified_gmt":"2024-04-30T14:05:39","slug":"havariedienst","status":"publish","type":"page","link":"https:\/\/stewo-sternberg.de\/index.php\/havariedienst\/","title":{"rendered":"Havariedienst"},"content":{"rendered":"\t\t<div data-elementor-type=\"wp-page\" data-elementor-id=\"933\" class=\"elementor elementor-933\">\n\t\t\t\t<div class=\"elementor-element elementor-element-09965de e-flex e-con-boxed e-con e-parent\" data-id=\"09965de\" data-element_type=\"container\">\n\t\t\t\t\t<div class=\"e-con-inner\">\n\t\t\t\t<div class=\"elementor-element elementor-element-7284785 elementor-widget elementor-widget-heading\" data-id=\"7284785\" data-element_type=\"widget\" data-widget_type=\"heading.default\">\n\t\t\t\t<div class=\"elementor-widget-container\">\n\t\t\t\t\t<h1 class=\"elementor-heading-title elementor-size-default\">Havariedienst<\/h1>\t\t\t\t<\/div>\n\t\t\t\t<\/div>\n\t\t\t\t\t<\/div>\n\t\t\t\t<\/div>\n\t\t\t\t<section class=\"elementor-section elementor-top-section elementor-element elementor-element-1000e887 elementor-section-stretched elementor-section-boxed elementor-section-height-default elementor-section-height-default\" data-id=\"1000e887\" data-element_type=\"section\" data-settings=\"{&quot;stretch_section&quot;:&quot;section-stretched&quot;}\">\n\t\t\t\t\t\t<div class=\"elementor-container elementor-column-gap-wider\">\n\t\t\t\t\t<div class=\"elementor-column elementor-col-50 elementor-top-column elementor-element elementor-element-283ab52f\" data-id=\"283ab52f\" data-element_type=\"column\" data-settings=\"{&quot;background_background&quot;:&quot;classic&quot;}\">\n\t\t\t<div class=\"elementor-widget-wrap elementor-element-populated\">\n\t\t\t\t\t<div class=\"elementor-background-overlay\"><\/div>\n\t\t\t\t\t\t<div class=\"elementor-element elementor-element-1f89b3c1 tx-hd-align-left elementor-widget elementor-widget-avas-heading\" data-id=\"1f89b3c1\" data-element_type=\"widget\" data-widget_type=\"avas-heading.default\">\n\t\t\t\t<div class=\"elementor-widget-container\">\n\t\t\t\t\t        <div class=\"tx-hd-wrap\">\n\n            <div class=\"tx-hd-wm\"><\/div>\n\n            \n            <div class=\"tx-hd-sub\"><\/div>\n                        <h2 class=\"tx-hd-title\">\n                <span class=\"tx-hd-first-part\"><\/span>\n                <span class=\"tx-hd-last-part\"><\/span>\n            <\/h2>    \n            \n            <div class=\"tx-hd-desc\"><div><u><b>Was ist eine Havarie?<\/b><\/u><\/div><div>\u00a0<\/div><div>Havarien sind erhebliche Sch\u00e4den, die das Geb\u00e4ude, die einzelne Wohnung oder mehrere Wohnungen betreffen oder betreffen k\u00f6nnten.<\/div><div>\u00a0<\/div><div>Die Beseitigung dieser Sch\u00e4den duldet keinen Aufschub, vor allem im Bereich der Wasserversorgung\u00a0 und Entw\u00e4sserung, der E-Anlagen, der Gasinstallation und nach Unwettersch\u00e4den.<\/div><\/div>\n\n\n                   \n        <\/div><!-- tx-hd-wrap -->\n\n\n\n\n\n\n\n\n\t\t\t\t<\/div>\n\t\t\t\t<\/div>\n\t\t\t\t<div class=\"elementor-element elementor-element-4bdff1d3 elementor-widget elementor-widget-avas-icon-box\" data-id=\"4bdff1d3\" data-element_type=\"widget\" data-widget_type=\"avas-icon-box.default\">\n\t\t\t\t<div class=\"elementor-widget-container\">\n\t\t\t\t\t\t\n\t\t<div class=\"tx-icon-box-wrap style-2 left\">\n\n\t\t\t<div class=\"tx-icon-box-icon\">\n\t\t\t\t<svg aria-hidden=\"true\" class=\"e-font-icon-svg e-fas-rocket\" viewBox=\"0 0 512 512\" xmlns=\"http:\/\/www.w3.org\/2000\/svg\"><path d=\"M505.12019,19.09375c-1.18945-5.53125-6.65819-11-12.207-12.1875C460.716,0,435.507,0,410.40747,0,307.17523,0,245.26909,55.20312,199.05238,128H94.83772c-16.34763.01562-35.55658,11.875-42.88664,26.48438L2.51562,253.29688A28.4,28.4,0,0,0,0,264a24.00867,24.00867,0,0,0,24.00582,24H127.81618l-22.47457,22.46875c-11.36521,11.36133-12.99607,32.25781,0,45.25L156.24582,406.625c11.15623,11.1875,32.15619,13.15625,45.27726,0l22.47457-22.46875V488a24.00867,24.00867,0,0,0,24.00581,24,28.55934,28.55934,0,0,0,10.707-2.51562l98.72834-49.39063c14.62888-7.29687,26.50776-26.5,26.50776-42.85937V312.79688c72.59753-46.3125,128.03493-108.40626,128.03493-211.09376C512.07526,76.5,512.07526,51.29688,505.12019,19.09375ZM384.04033,168A40,40,0,1,1,424.05,128,40.02322,40.02322,0,0,1,384.04033,168Z\"><\/path><\/svg>\n\t\t\t\t\n\t\t\t<\/div><!-- tx-icon-box-icon -->\n\n\t\t\t<div class=\"tx-icon-box-content-wrap\">\n\n\t\t\t\t\t\t\t\t\t\t\t\t<h4 class=\"tx-icon-box-title\">\n\t\t\t\t\t\t\t\t<\/h4>\n\t\t\t\t\t\t\t\t\n\t\t\t\t<div class=\"tx-icon-box-desc\"><div><u><b>Havarien \/ dringender Notfall sind:<\/b><\/u><\/div><div>\u00a0<\/div><div>- Wasserrohrbr\u00fcche<\/div><div>- Verstopfungen im Abwasserbereich, die eine Nutzung der Sanit\u00e4ranlagen nicht mehr gew\u00e4hrleisten<\/div><div>- Sch\u00e4den an der Heizungsanlage, die zum Ausfall der Anlage f\u00fchren oder einen erheblichen Wasseraustritt zur Folge haben<\/div><div>- Sch\u00e4den, die eine Gefahr f\u00fcr Leib und Leben darstellen oder die Bausubstanz beeintr\u00e4chtigen k\u00f6nnten<\/div><div>\u00a0<\/div><div><u><b>Nicht zur Havarie geh\u00f6ren:<\/b><\/u><\/div><div>\u00a0<\/div><div>- Wasserhahn tropft<\/div><div>- T\u00fcr oder Fenster klemmt bzw. Griffe wackeln<\/div><div>- laufende Ventile (Sanit\u00e4r oder Heizung)<\/div><div>- schwer ablaufende Wasch- und WC-Becken sowie Badewannen oder Duschen<\/div><div>- defekte T\u00fcrschlossanlagen<\/div><div>- einzelne defekte Lichtschalter und Steckdosen<\/div><div>- defekte Sicherungen in den Wohnungen<\/div><div>\u00a0<\/div><div><u><b>Bitte bedenken Sie, dass der Havariedienst nicht zu normalen Reparaturen au\u00dferhalb der gesetzlichen Arbeitszeit und an den Wochenenden herangezogen werden darf.<\/b><\/u><\/div><div>\u00a0<\/div><div><b>Nach Feierabend sowie an Sonn- und Feiertagen<\/b> erreichen Sie die <b>Notdienste<\/b> der entsprechenden Liegenschaften wie unten aufgef\u00fchrt:<\/div><\/div>\n\t\t\t\t\t\t\t<\/div><!-- tx-icon-box-content-wrap -->\n\n\t\t<\/div><!-- tx-icon-box-wrap -->\n\n\t\t\t\t<\/div>\n\t\t\t\t<\/div>\n\t\t\t\t\t<\/div>\n\t\t<\/div>\n\t\t\t\t<div class=\"elementor-column elementor-col-50 elementor-top-column elementor-element elementor-element-6a023482\" data-id=\"6a023482\" data-element_type=\"column\" data-settings=\"{&quot;background_background&quot;:&quot;classic&quot;}\">\n\t\t\t<div class=\"elementor-widget-wrap elementor-element-populated\">\n\t\t\t\t\t\t<div class=\"elementor-element elementor-element-194c7be3 tx-hd-align-left elementor-widget elementor-widget-avas-heading\" data-id=\"194c7be3\" data-element_type=\"widget\" data-widget_type=\"avas-heading.default\">\n\t\t\t\t<div class=\"elementor-widget-container\">\n\t\t\t\t\t        <div class=\"tx-hd-wrap\">\n\n            <div class=\"tx-hd-wm\"><\/div>\n\n            \n            <div class=\"tx-hd-sub\"><\/div>\n                        <h2 class=\"tx-hd-title\">\n                <span class=\"tx-hd-first-part\">Havarie<\/span>\n                <span class=\"tx-hd-last-part\"><\/span>\n            <\/h2>    \n            \n            <div class=\"tx-hd-desc\"><p>F\u00fcr Reparaturen, die keinen Aufschub dulden und au\u00dferhalb der Gesch\u00e4ftszeiten anfallen, wie an Wochenenden und Feiertagen w\u00e4hlen Sie bitte folgende Nummer:<\/p><\/div>\n\n\n                   \n        <\/div><!-- tx-hd-wrap -->\n\n\n\n\n\n\n\n\n\t\t\t\t<\/div>\n\t\t\t\t<\/div>\n\t\t\t\t<div class=\"elementor-element elementor-element-7e0b3c8c elementor-tabs-view-vertical elementor-widget elementor-widget-tabs\" data-id=\"7e0b3c8c\" data-element_type=\"widget\" data-widget_type=\"tabs.default\">\n\t\t\t\t<div class=\"elementor-widget-container\">\n\t\t\t\t\t\t\t<div class=\"elementor-tabs\">\n\t\t\t<div class=\"elementor-tabs-wrapper\" role=\"tablist\" >\n\t\t\t\t\t\t\t\t\t<div id=\"elementor-tab-title-2111\" class=\"elementor-tab-title elementor-tab-desktop-title\" aria-selected=\"true\" data-tab=\"1\" role=\"tab\" tabindex=\"0\" aria-controls=\"elementor-tab-content-2111\" aria-expanded=\"false\">Tel.-Nr.:<\/div>\n\t\t\t\t\t\t\t\t\t<div id=\"elementor-tab-title-2112\" class=\"elementor-tab-title elementor-tab-desktop-title\" aria-selected=\"false\" data-tab=\"2\" role=\"tab\" tabindex=\"-1\" aria-controls=\"elementor-tab-content-2112\" aria-expanded=\"false\">Download PDF<\/div>\n\t\t\t\t\t\t\t<\/div>\n\t\t\t<div class=\"elementor-tabs-content-wrapper\" role=\"tablist\" aria-orientation=\"vertical\">\n\t\t\t\t\t\t\t\t\t<div class=\"elementor-tab-title elementor-tab-mobile-title\" aria-selected=\"true\" data-tab=\"1\" role=\"tab\" tabindex=\"0\" aria-controls=\"elementor-tab-content-2111\" aria-expanded=\"false\">Tel.-Nr.:<\/div>\n\t\t\t\t\t<div id=\"elementor-tab-content-2111\" class=\"elementor-tab-content elementor-clearfix\" data-tab=\"1\" role=\"tabpanel\" aria-labelledby=\"elementor-tab-title-2111\" tabindex=\"0\" hidden=\"false\"><p><span style=\"color: #000000;\"><span style=\"font-family: var( --e-global-typography-text-font-family ), Sans-serif; caret-color: #111111; white-space: pre-wrap;\">03847 4307-0<\/span><\/span><\/p><\/div>\n\t\t\t\t\t\t\t\t\t<div class=\"elementor-tab-title elementor-tab-mobile-title\" aria-selected=\"false\" data-tab=\"2\" role=\"tab\" tabindex=\"-1\" aria-controls=\"elementor-tab-content-2112\" aria-expanded=\"false\">Download PDF<\/div>\n\t\t\t\t\t<div id=\"elementor-tab-content-2112\" class=\"elementor-tab-content elementor-clearfix\" data-tab=\"2\" role=\"tabpanel\" aria-labelledby=\"elementor-tab-title-2112\" tabindex=\"0\" hidden=\"hidden\"><p><a href=\"https:\/\/stewo-sternberg.de\/wp-content\/uploads\/2024\/04\/Mieterinfo-2.1.pdf\">Download PDF<\/a> Mieterinfo<\/p><\/div>\n\t\t\t\t\t\t\t<\/div>\n\t\t<\/div>\n\t\t\t\t\t\t<\/div>\n\t\t\t\t<\/div>\n\t\t\t\t\t<\/div>\n\t\t<\/div>\n\t\t\t\t\t<\/div>\n\t\t<\/section>\n\t\t\t\t<\/div>\n\t\t","protected":false},"excerpt":{"rendered":"<p class=\"tx-excerpt\">Havariedienst Was ist eine Havarie?\u00a0Havarien sind erhebliche Sch\u00e4den, die das Geb\u00e4ude, die einzelne Wohnung oder mehrere Wohnungen betreffen oder betreffen k\u00f6nnten.\u00a0Die Beseitigung dieser Sch\u00e4den duldet keinen Aufschub, vor allem im Bereich der Wasserversorgung\u00a0","protected":false},"author":1,"featured_media":0,"parent":0,"menu_order":0,"comment_status":"closed","ping_status":"closed","template":"","meta":{"footnotes":""},"class_list":["post-933","page","type-page","status-publish","hentry"],"_links":{"self":[{"href":"https:\/\/stewo-sternberg.de\/index.php\/wp-json\/wp\/v2\/pages\/933","targetHints":{"allow":["GET"]}}],"collection":[{"href":"https:\/\/stewo-sternberg.de\/index.php\/wp-json\/wp\/v2\/pages"}],"about":[{"href":"https:\/\/stewo-sternberg.de\/index.php\/wp-json\/wp\/v2\/types\/page"}],"author":[{"embeddable":true,"href":"https:\/\/stewo-sternberg.de\/index.php\/wp-json\/wp\/v2\/users\/1"}],"replies":[{"embeddable":true,"href":"https:\/\/stewo-sternberg.de\/index.php\/wp-json\/wp\/v2\/comments?post=933"}],"version-history":[{"count":46,"href":"https:\/\/stewo-sternberg.de\/index.php\/wp-json\/wp\/v2\/pages\/933\/revisions"}],"predecessor-version":[{"id":1300,"href":"https:\/\/stewo-sternberg.de\/index.php\/wp-json\/wp\/v2\/pages\/933\/revisions\/1300"}],"wp:attachment":[{"href":"https:\/\/stewo-sternberg.de\/index.php\/wp-json\/wp\/v2\/media?parent=933"}],"curies":[{"name":"wp","href":"https:\/\/api.w.org\/{rel}","templated":true}]}}